{"id":32,"date":"2024-04-18T16:12:29","date_gmt":"2024-04-18T16:12:29","guid":{"rendered":"https:\/\/fannimiko.com\/?page_id=32"},"modified":"2024-06-04T15:45:08","modified_gmt":"2024-06-04T15:45:08","slug":"rolam","status":"publish","type":"page","link":"https:\/\/fannimiko.com\/zh\/\u95dc\u65bc\u6211\/","title":{"rendered":"R\u00f3lam"},"content":{"rendered":"<div data-elementor-type=\"wp-page\" data-elementor-id=\"32\" class=\"elementor elementor-32\" data-elementor-post-type=\"page\">\n\t\t\t\t<div class=\"elementor-element elementor-element-1738b38 e-flex e-con-boxed e-con e-parent\" data-id=\"1738b38\" data-element_type=\"container\" data-e-type=\"container\">\n\t\t\t\t\t<div class=\"e-con-inner\">\n\t\t<div class=\"elementor-element elementor-element-f9552ac e-con-full e-flex e-con e-child\" data-id=\"f9552ac\" data-element_type=\"container\" data-e-type=\"container\">\n\t\t\t\t<div class=\"elementor-element elementor-element-fe80162 elementor-hidden-mobile elementor-widget elementor-widget-image\" data-id=\"fe80162\" data-element_type=\"widget\" data-e-type=\"widget\" data-settings=\"{&quot;_animation&quot;:&quot;none&quot;}\" data-widget_type=\"image.default\">\n\t\t\t\t<div class=\"elementor-widget-container\">\n\t\t\t\t\t\t\t\t\t\t\t\t\t\t\t\t<a href=\"https:\/\/www.instagram.com\/fanni_miko\/\" target=\"_blank\">\n\t\t\t\t\t\t\t<img fetchpriority=\"high\" decoding=\"async\" width=\"740\" height=\"1024\" src=\"https:\/\/fannimiko.com\/wp-content\/uploads\/2024\/04\/Fanni-Miko-scaled-1-740x1024.jpeg\" class=\"attachment-large size-large wp-image-134\" alt=\"\" srcset=\"https:\/\/fannimiko.com\/wp-content\/uploads\/2024\/04\/Fanni-Miko-scaled-1-740x1024.jpeg 740w, https:\/\/fannimiko.com\/wp-content\/uploads\/2024\/04\/Fanni-Miko-scaled-1-217x300.jpeg 217w, https:\/\/fannimiko.com\/wp-content\/uploads\/2024\/04\/Fanni-Miko-scaled-1-768x1063.jpeg 768w, https:\/\/fannimiko.com\/wp-content\/uploads\/2024\/04\/Fanni-Miko-scaled-1-1109x1536.jpeg 1109w, https:\/\/fannimiko.com\/wp-content\/uploads\/2024\/04\/Fanni-Miko-scaled-1-1479x2048.jpeg 1479w, https:\/\/fannimiko.com\/wp-content\/uploads\/2024\/04\/Fanni-Miko-scaled-1-9x12.jpeg 9w, https:\/\/fannimiko.com\/wp-content\/uploads\/2024\/04\/Fanni-Miko-scaled-1.jpeg 1849w\" sizes=\"(max-width: 740px) 100vw, 740px\" \/>\t\t\t\t\t\t\t\t<\/a>\n\t\t\t\t\t\t\t\t\t\t\t\t\t\t\t<\/div>\n\t\t\t\t<\/div>\n\t\t\t\t<\/div>\n\t\t<div class=\"elementor-element elementor-element-3e0b6c7 e-con-full e-flex e-con e-child\" data-id=\"3e0b6c7\" data-element_type=\"container\" data-e-type=\"container\">\n\t\t\t\t<div class=\"elementor-element elementor-element-e0873fb elementor-widget elementor-widget-heading\" data-id=\"e0873fb\" data-element_type=\"widget\" data-e-type=\"widget\" data-widget_type=\"heading.default\">\n\t\t\t\t<div class=\"elementor-widget-container\">\n\t\t\t\t\t<h1 class=\"elementor-heading-title elementor-size-default\">\u4ecb\u7d39<\/h1>\t\t\t\t<\/div>\n\t\t\t\t<\/div>\n\t\t\t\t<div class=\"elementor-element elementor-element-cc2e162 elementor-widget elementor-widget-text-editor\" data-id=\"cc2e162\" data-element_type=\"widget\" data-e-type=\"widget\" data-widget_type=\"text-editor.default\">\n\t\t\t\t<div class=\"elementor-widget-container\">\n\t\t\t\t\t\t\t\t\t<p class=\"translation-block\">\u6211\u53eb\u7c73\u79d1 \u8303\u5c3c \u2027 (Mik\u00f3 Fanni),\u300c\u6211\u51fa\u751f\u5728\u6b50\u6d32\u4e2d\u5fc3\u7684\u5308\u7259\u5229\u3002\u5c0f\u6642\n\u5019,\n\u6211\u5c0d\u5f88\u591a\u4e8b\u60c5\u90fd\u611f\u8208\u8da3:\u6211\u5b78\u5f48\u92fc\u7434\u3001\u4e0b\u68cb\u3001\u6253\u7af6\u6280\u624b\u7403\u3002\u5c0f\u6642\u5019,\u6211\n\u4e5f\u5f9e\u7e6a\u756b\u4e2d\u627e\u5230\u4e86\u6975\u5927\u7684\u6a02\u8da3,\u751a\u81f3\u6191\u85c9\u4e00\u4e9b\u4f5c\u54c1\u7372\u734e\u4e86\u3002\u5230\u4e86\u4e8c\u5341\n\u5e7e\n\u6b72,\u6211\u5df2\u7d93\u8b8a\u6210\u4e86\u90a3\u500b\u624b\u88e1\u62ff\u8457\u756b\u7b46\u3001\u982d\u4e0a\u6234\u8457\u738b\u51a0\u7684\u5e74\u8f15\u5973\u5b50\u3002<\/p>\t\t\t\t\t\t\t\t<\/div>\n\t\t\t\t<\/div>\n\t\t\t\t<div class=\"elementor-element elementor-element-08f7784 elementor-widget elementor-widget-text-editor\" data-id=\"08f7784\" data-element_type=\"widget\" data-e-type=\"widget\" data-widget_type=\"text-editor.default\">\n\t\t\t\t<div class=\"elementor-widget-container\">\n\t\t\t\t\t\t\t\t\t<p>\u5982\u4f55?<\/p>\t\t\t\t\t\t\t\t<\/div>\n\t\t\t\t<\/div>\n\t\t\t\t<div class=\"elementor-element elementor-element-3bad77f elementor-widget elementor-widget-text-editor\" data-id=\"3bad77f\" data-element_type=\"widget\" data-e-type=\"widget\" data-widget_type=\"text-editor.default\">\n\t\t\t\t<div class=\"elementor-widget-container\">\n\t\t\t\t\t\t\t\t\t<p class=\"translation-block\">\u5f9e\u6211\u8a18\u4e8b\u8d77,\u6211\u5c31\u4e00\u76f4\u60f3\u8d70\u51fa\u53bb,\u8d70\u9032\u5916\u9762\u7684\u4e16\u754c\u3002\u6211\u4e0d\u60f3\u904e\u5e73\u51e1\u7684\n\u751f\u6d3b\u3002\u6211\u60f3\u8981\u751f\u6d3b\u3001\u611f\u53d7\u3001\u770b\u898b\u548c\u9ad4\u9a57\u3002 16 \u6b72\u6642,\u4e00\u5bb6\u6a21\u7279\u5152\u7d93\u7d00\u516c\n\u53f8\u6ce8\u610f\u5230\u4e86\u6211,\u5e7e\u500b\u6708\u5f8c\u6211\u5c31\u5230\u4e86\u4e2d\u570b,\u9060\u96e2\u4e86\u4e00\u5207\u548c\u6240\u6709\u4eba,\u4f46\u751f\n\u6d3b\u734e\u52f5\u4e86\u6211\u6210\u529f,\u56e0\u70ba\u6211\u6562\u65bc\u96e2\u958b\u81ea\u5df1\u7684\u8212\u9069\u5340\u3002\u4e4b\u5f8c\u6211\u53c8\u53bb\u4e86\u571f\u8033\n\u5176\u548c\u6b50\u6d32\u7684\u5e7e\u500b\u57ce\u5e02,\u651d\u5f71\u548c\u6642\u88dd\u79c0\u63a5\u8e35\u800c\u81f3\u3002<\/p>\t\t\t\t\t\t\t\t<\/div>\n\t\t\t\t<\/div>\n\t\t\t\t<div class=\"elementor-element elementor-element-d11541c elementor-hidden-tablet elementor-widget elementor-widget-text-editor\" data-id=\"d11541c\" data-element_type=\"widget\" data-e-type=\"widget\" data-widget_type=\"text-editor.default\">\n\t\t\t\t<div class=\"elementor-widget-container\">\n\t\t\t\t\t\t\t\t\t<p>2019 \u5e74\uff0c\"\u6211\u88ab\u9009\u4e3a\u5308\u7259\u5229\u5c0f\u59d0\uff0c\u5e76\u6709\u673a\u4f1a\u53c2\u52a0\u4e16\u754c\u4e0a\u6700\u5927\u7684\u56fd\u9645\u9009\n\u7f8e\u6bd4\u8d5b\u3002<\/p><p>2019 \u5e74 12 \u6708\uff0c\u6211\u8d62\u5f97\u4e86\u8fd9\u6b21\u9009\u7f8e\u6bd4\u8d5b\u3002<\/p><p class=\"translation-block\">\u6574\u4e2a\u8fc7\u7a0b\u5145\u6ee1\u4e86\u4ee4\n\u4eba\u96be\u4ee5\u7f6e\u4fe1\u7684\u7d27\u5f20\u80fd\u91cf\u3002<\/p><p>\u56e0\u6b64\uff0c\u51ed\u501f\u8fd9\u4e2a\u5934\u8854\uff0c\u6211\u6210\u4e3a\u4e86\u6d32\u9645\u5c0f\u59d0\u7684\n\u51a0\u519b\uff0c\u4e5f\u662f\u6709\u53f2\u4ee5\u6765\u552f\u4e00\u4e00\u4f4d\u8d62\u5f97\u56fd\u9645\u9009\u7f8e\u6bd4\u8d5b\u7684\u5308\u7259\u5229\u5973\u5b69\u3002<\/p>\t\t\t\t\t\t\t\t<\/div>\n\t\t\t\t<\/div>\n\t\t\t\t<div class=\"elementor-element elementor-element-09c593c elementor-hidden-desktop elementor-hidden-tablet elementor-widget elementor-widget-image\" data-id=\"09c593c\" data-element_type=\"widget\" data-e-type=\"widget\" data-settings=\"{&quot;_animation&quot;:&quot;none&quot;}\" data-widget_type=\"image.default\">\n\t\t\t\t<div class=\"elementor-widget-container\">\n\t\t\t\t\t\t\t\t\t\t\t\t\t\t\t<img fetchpriority=\"high\" decoding=\"async\" width=\"740\" height=\"1024\" src=\"https:\/\/fannimiko.com\/wp-content\/uploads\/2024\/04\/Fanni-Miko-scaled-1-740x1024.jpeg\" class=\"attachment-large size-large wp-image-134\" alt=\"\" srcset=\"https:\/\/fannimiko.com\/wp-content\/uploads\/2024\/04\/Fanni-Miko-scaled-1-740x1024.jpeg 740w, https:\/\/fannimiko.com\/wp-content\/uploads\/2024\/04\/Fanni-Miko-scaled-1-217x300.jpeg 217w, https:\/\/fannimiko.com\/wp-content\/uploads\/2024\/04\/Fanni-Miko-scaled-1-768x1063.jpeg 768w, https:\/\/fannimiko.com\/wp-content\/uploads\/2024\/04\/Fanni-Miko-scaled-1-1109x1536.jpeg 1109w, https:\/\/fannimiko.com\/wp-content\/uploads\/2024\/04\/Fanni-Miko-scaled-1-1479x2048.jpeg 1479w, https:\/\/fannimiko.com\/wp-content\/uploads\/2024\/04\/Fanni-Miko-scaled-1-9x12.jpeg 9w, https:\/\/fannimiko.com\/wp-content\/uploads\/2024\/04\/Fanni-Miko-scaled-1.jpeg 1849w\" sizes=\"(max-width: 740px) 100vw, 740px\" \/>\t\t\t\t\t\t\t\t\t\t\t\t\t\t\t<\/div>\n\t\t\t\t<\/div>\n\t\t\t\t<\/div>\n\t\t<div class=\"elementor-element elementor-element-7b10914 e-con-full e-flex e-con e-child\" data-id=\"7b10914\" data-element_type=\"container\" data-e-type=\"container\">\n\t\t\t\t<div class=\"elementor-element elementor-element-e5e92b2 elementor-hidden-desktop elementor-hidden-mobile elementor-widget elementor-widget-text-editor\" data-id=\"e5e92b2\" data-element_type=\"widget\" data-e-type=\"widget\" data-widget_type=\"text-editor.default\">\n\t\t\t\t<div class=\"elementor-widget-container\">\n\t\t\t\t\t\t\t\t\t<p>2019 \u5e74\uff0c\"\u6211\u88ab\u9009\u4e3a\u5308\u7259\u5229\u5c0f\u59d0\uff0c\u5e76\u6709\u673a\u4f1a\u53c2\u52a0\u4e16\u754c\u4e0a\u6700\u5927\u7684\u56fd\u9645\u9009\n\u7f8e\u6bd4\u8d5b\u3002<\/p><p>2019 \u5e74 12 \u6708\uff0c\u6211\u8d62\u5f97\u4e86\u8fd9\u6b21\u9009\u7f8e\u6bd4\u8d5b\u3002<\/p><p class=\"translation-block\">\u6574\u4e2a\u8fc7\u7a0b\u5145\u6ee1\u4e86\u4ee4\n\u4eba\u96be\u4ee5\u7f6e\u4fe1\u7684\u7d27\u5f20\u80fd\u91cf\u3002<\/p><p>\u56e0\u6b64\uff0c\u51ed\u501f\u8fd9\u4e2a\u5934\u8854\uff0c\u6211\u6210\u4e3a\u4e86\u6d32\u9645\u5c0f\u59d0\u7684\n\u51a0\u519b\uff0c\u4e5f\u662f\u6709\u53f2\u4ee5\u6765\u552f\u4e00\u4e00\u4f4d\u8d62\u5f97\u56fd\u9645\u9009\u7f8e\u6bd4\u8d5b\u7684\u5308\u7259\u5229\u5973\u5b69\u3002<\/p>\t\t\t\t\t\t\t\t<\/div>\n\t\t\t\t<\/div>\n\t\t\t\t<div class=\"elementor-element elementor-element-cf7ee4a elementor-widget elementor-widget-text-editor\" data-id=\"cf7ee4a\" data-element_type=\"widget\" data-e-type=\"widget\" data-widget_type=\"text-editor.default\">\n\t\t\t\t<div class=\"elementor-widget-container\">\n\t\t\t\t\t\t\t\t\t<p class=\"translation-block\">\u8fd9\u4e00\n\u5207\u90fd\u592a\u4e0d\u771f\u5b9e\u4e86\uff0c\u96be\u4ee5\u60f3\u8c61\u3002\u6211\u5e0c\u671b\u80fd\u4e0e\u5927\u5bb6\u5206\u4eab\u6211\u75af\u72c2\u800c\u975e\u51e1\u7684\u65f6\n\u523b\u3002\u6211\u7684\u529b\u91cf\u3001\u6211\u7684\u611f\u53d7\u3001\u6211\u7684\u8fd0\u6c14\u3001\u6211\u7684\u547d\u8fd0\u3002\u6211\u6700\u60f3\u505a\u7684\u5c31\u662f\u628a\n\u8fd9\u4e00\u5207\u63e1\u5728\u624b\u4e2d\uff0c\u7136\u540e\u50cf\u4e00\u628a\u95ea\u95ea\u53d1\u5149\u7684\u5f69\u8679\u5c18\u57c3\u4e00\u6837\u98d8\u8d70\uff01\u6211\u60f3\u7ed9\n\u6bcf\u4e00\u4e2a\u63e1\u4f4f\u5b83\u7684\u4eba\u4e00\u70b9\u70b9\u3002\u4e5f\u8bb8\u901a\u8fc7\u827a\u672f\uff0c\u6211\u80fd\u505a\u5230\u8fd9\u4e00\u70b9\u3002\u6211\u4e00\u76f4\n\u5bf9\u8272\u5f69\u3001\u6750\u6599\u548c\u5f62\u72b6\u5982\u4f55\u76f8\u4e92\u5173\u8054\u548c\u8868\u8fbe\u81ea\u5df1\u611f\u5174\u8da3\u3002<\/p>\t\t\t\t\t\t\t\t<\/div>\n\t\t\t\t<\/div>\n\t\t\t\t<div class=\"elementor-element elementor-element-188b3a6 elementor-widget__width-inherit elementor-widget elementor-widget-text-editor\" data-id=\"188b3a6\" data-element_type=\"widget\" data-e-type=\"widget\" data-widget_type=\"text-editor.default\">\n\t\t\t\t<div class=\"elementor-widget-container\">\n\t\t\t\t\t\t\t\t\t<p>\u5728\u7ed8\u753b\u4e2d\uff0c\u6211\n\u53d7\u5230\u542f\u53d1\uff0c\u5c06\u73b0\u5b9e\u4e16\u754c\u548c\u60f3\u8c61\u4e16\u754c\u7ed3\u5408\u8d77\u6765\uff0c\u5c55\u73b0\u770b\u4e0d\u89c1\u7684\u4e1c\u897f\uff0c\u8868\n\u8fbe\u65e0\u6cd5\u8868\u8fbe\u7684\u4e1c\u897f\u3002\u6211\u8ba4\u4e3a\uff0c\u4e00\u5e45\u753b\u53ea\u6709\u5728\u4f20\u8fbe\u4e86\u521b\u4f5c\u8005\u7684\u610f\u56fe\uff0c\u5e76\n\u4ee5\u72ec\u7279\u7684\u98ce\u683c\u672c\u80fd\u5730\u521b\u4f5c\u51fa\u6765\u65f6\uff0c\u624d\u5177\u6709\u827a\u672f\u4ef7\u503c\u3002\u6211\u7684\u753b\u4f5c\u6e90\u4e8e\u72ec\n\u7279\u3001\u81ea\u53d1\u7684\u60f3\u6cd5\uff0c\u6211\u8bd5\u56fe\u4e3a\u5b83\u4eec\u6ce8\u5165\u8d2f\u7a7f\u6211\u4e00\u751f\u7684\u72ec\u7279\u800c\u4e0d\u5bfb\u5e38\u7684\u80fd\n\u91cf\u3002<\/p>\t\t\t\t\t\t\t\t<\/div>\n\t\t\t\t<\/div>\n\t\t\t\t<div class=\"elementor-element elementor-element-1aa22d9 elementor-widget elementor-widget-text-editor\" data-id=\"1aa22d9\" data-element_type=\"widget\" data-e-type=\"widget\" data-widget_type=\"text-editor.default\">\n\t\t\t\t<div class=\"elementor-widget-container\">\n\t\t\t\t\t\t\t\t\t<p class=\"translation-block\">\u6211\u5e0c\u671b\u6b23\u8d4f\u6211\u7684\u4f5c\u54c1\u80fd\u7ed9\u4eba\u5e26\u6765\u6109\u60a6\uff0c\u5e76\u4e3a\u89c2\u8005\u63d0\u4f9b\u8868\u8fbe\u81ea\u5df1\u60c5\n\u611f\u548c\u60f3\u6cd5\u7684\u7a7a\u95f4\u3002<\/p><p>\u671f\u5f85\u60a8\u7684\u5149\u4e34<\/p>\t\t\t\t\t\t\t\t<\/div>\n\t\t\t\t<\/div>\n\t\t\t\t<\/div>\n\t\t\t\t\t<\/div>\n\t\t\t\t<\/div>\n\t\t<div class=\"elementor-element elementor-element-2738f65 e-flex e-con-boxed e-con e-parent\" data-id=\"2738f65\" data-element_type=\"container\" data-e-type=\"container\">\n\t\t\t\t\t<div class=\"e-con-inner\">\n\t\t<div class=\"elementor-element elementor-element-2880dd3 e-con-full e-flex e-con e-child\" data-id=\"2880dd3\" data-element_type=\"container\" data-e-type=\"container\">\n\t\t\t\t<div class=\"elementor-element elementor-element-6259033 elementor-widget elementor-widget-button\" data-id=\"6259033\" data-element_type=\"widget\" data-e-type=\"widget\" data-widget_type=\"button.default\">\n\t\t\t\t<div class=\"elementor-widget-container\">\n\t\t\t\t\t\t\t\t\t<div class=\"elementor-button-wrapper\">\n\t\t\t\t\t<a class=\"elementor-button elementor-button-link elementor-size-sm elementor-animation-grow\" href=\"https:\/\/fannimiko.com\/zh\/\u756b\u5eca\/\">\n\t\t\t\t\t\t<span class=\"elementor-button-content-wrapper\">\n\t\t\t\t\t\t\t\t\t<span class=\"elementor-button-text\">\u7ee7\u7eed\u6d4f\u89c8\u753b\u5eca<\/span>\n\t\t\t\t\t<\/span>\n\t\t\t\t\t<\/a>\n\t\t\t\t<\/div>\n\t\t\t\t\t\t\t\t<\/div>\n\t\t\t\t<\/div>\n\t\t\t\t<div class=\"elementor-element elementor-element-a5e7483 elementor-widget elementor-widget-image\" data-id=\"a5e7483\" data-element_type=\"widget\" data-e-type=\"widget\" data-settings=\"{&quot;_animation&quot;:&quot;none&quot;}\" data-widget_type=\"image.default\">\n\t\t\t\t<div class=\"elementor-widget-container\">\n\t\t\t\t\t\t\t\t\t\t\t\t\t\t\t\t<a href=\"https:\/\/www.instagram.com\/fanni_miko\/\" target=\"_blank\">\n\t\t\t\t\t\t\t<img decoding=\"async\" width=\"1907\" height=\"2448\" src=\"https:\/\/fannimiko.com\/wp-content\/uploads\/2024\/05\/Aboutme.jpg\" class=\"attachment-full size-full wp-image-600\" alt=\"\" srcset=\"https:\/\/fannimiko.com\/wp-content\/uploads\/2024\/05\/Aboutme.jpg 1907w, https:\/\/fannimiko.com\/wp-content\/uploads\/2024\/05\/Aboutme-234x300.jpg 234w, https:\/\/fannimiko.com\/wp-content\/uploads\/2024\/05\/Aboutme-798x1024.jpg 798w, https:\/\/fannimiko.com\/wp-content\/uploads\/2024\/05\/Aboutme-768x986.jpg 768w, https:\/\/fannimiko.com\/wp-content\/uploads\/2024\/05\/Aboutme-1197x1536.jpg 1197w, https:\/\/fannimiko.com\/wp-content\/uploads\/2024\/05\/Aboutme-1595x2048.jpg 1595w, https:\/\/fannimiko.com\/wp-content\/uploads\/2024\/05\/Aboutme-9x12.jpg 9w\" sizes=\"(max-width: 1907px) 100vw, 1907px\" \/>\t\t\t\t\t\t\t\t<\/a>\n\t\t\t\t\t\t\t\t\t\t\t\t\t\t\t<\/div>\n\t\t\t\t<\/div>\n\t\t\t\t<\/div>\n\t\t\t\t\t<\/div>\n\t\t\t\t<\/div>\n\t\t\t\t<\/div>","protected":false},"excerpt":{"rendered":"<p>Bemutatkoz\u00e1s Mik\u00f3 Fanni vagyok, \u201cEur\u00f3pa sz\u00edv\u00e9ben&#8221;, Magyarorsz\u00e1gon sz\u00fclettem.Gyermekk\u00e9nt t\u00f6bb minden \u00e9rdekelt:zongor\u00e1zni tanultam, sakkoztam, versenyszer\u0171en k\u00e9zilabd\u00e1ztam. Kisgyermekk\u00e9nt nagy \u00f6r\u00f6m\u00f6metleltem a rajzol\u00e1sban is, p\u00e1r munk\u00e1mmal d\u00edjat is nyertem.A h\u00faszas \u00e9veimre \u00e9n lettem a fiatal n\u0151 ecsettel a kez\u00e9ben, \u00e9s koron\u00e1val a fej\u00e9n. Hogy hogyan? Ami\u00f3ta az eszemet tudom, v\u00e1gytam a nagyvil\u00e1gba. Nem akartam belesimulni egy \u00e1tlagos \u00e9letbe. [&hellip;]<\/p>\n","protected":false},"author":1,"featured_media":0,"parent":0,"menu_order":0,"comment_status":"closed","ping_status":"closed","template":"","meta":{"footnotes":""},"class_list":["post-32","page","type-page","status-publish","hentry"],"yoast_head":"<!-- This site is optimized with the Yoast SEO Premium plugin v24.2 (Yoast SEO v27.4) - https:\/\/yoast.com\/product\/yoast-seo-premium-wordpress\/ -->\n<title>Fanni Mik\u00f3 - Art Made By A Beauty Queen<\/title>\n<meta name=\"description\" content=\"Nem csak sz\u00e9ps\u00e9gkir\u00e1lyn\u0151, hanem fest\u0151m\u0171v\u00e9sz is. Mik\u00f3 Fanni hivatalos m\u0171v\u00e9sz oldala. Art made by a Beauty Queen.\" \/>\n<meta name=\"robots\" content=\"index, follow, max-snippet:-1, max-image-preview:large, max-video-preview:-1\" \/>\n<link rel=\"canonical\" href=\"https:\/\/fannimiko.com\/zh\/\u95dc\u65bc\u6211\/\" \/>\n<meta property=\"og:locale\" content=\"zh_CN\" \/>\n<meta property=\"og:type\" content=\"article\" \/>\n<meta property=\"og:title\" content=\"R\u00f3lam\" \/>\n<meta property=\"og:description\" content=\"Nem csak sz\u00e9ps\u00e9gkir\u00e1lyn\u0151, hanem fest\u0151m\u0171v\u00e9sz is. Mik\u00f3 Fanni hivatalos m\u0171v\u00e9sz oldala. Art made by a Beauty Queen.\" \/>\n<meta property=\"og:url\" content=\"https:\/\/fannimiko.com\/zh\/\u95dc\u65bc\u6211\/\" \/>\n<meta property=\"og:site_name\" content=\"Art Made By A Beauty Queen\" \/>\n<meta property=\"article:modified_time\" content=\"2024-06-04T15:45:08+00:00\" \/>\n<meta property=\"og:image\" content=\"https:\/\/fannimiko.com\/wp-content\/uploads\/2024\/04\/Fanni-Miko-scaled-1-740x1024.jpeg\" \/>\n<meta name=\"twitter:card\" content=\"summary_large_image\" \/>\n<meta name=\"twitter:label1\" content=\"\u9884\u8ba1\u9605\u8bfb\u65f6\u95f4\" \/>\n\t<meta name=\"twitter:data1\" content=\"3 \u5206\" \/>\n<script type=\"application\/ld+json\" class=\"yoast-schema-graph\">{\"@context\":\"https:\\\/\\\/schema.org\",\"@graph\":[{\"@type\":\"WebPage\",\"@id\":\"https:\\\/\\\/fannimiko.com\\\/rolam\\\/\",\"url\":\"https:\\\/\\\/fannimiko.com\\\/rolam\\\/\",\"name\":\"Fanni Mik\u00f3 - Art Made By A Beauty Queen\",\"isPartOf\":{\"@id\":\"https:\\\/\\\/fannimiko.com\\\/#website\"},\"primaryImageOfPage\":{\"@id\":\"https:\\\/\\\/fannimiko.com\\\/rolam\\\/#primaryimage\"},\"image\":{\"@id\":\"https:\\\/\\\/fannimiko.com\\\/rolam\\\/#primaryimage\"},\"thumbnailUrl\":\"https:\\\/\\\/fannimiko.com\\\/wp-content\\\/uploads\\\/2024\\\/04\\\/Fanni-Miko-scaled-1-740x1024.jpeg\",\"datePublished\":\"2024-04-18T16:12:29+00:00\",\"dateModified\":\"2024-06-04T15:45:08+00:00\",\"description\":\"Nem csak sz\u00e9ps\u00e9gkir\u00e1lyn\u0151, hanem fest\u0151m\u0171v\u00e9sz is. Mik\u00f3 Fanni hivatalos m\u0171v\u00e9sz oldala. Art made by a Beauty Queen.\",\"breadcrumb\":{\"@id\":\"https:\\\/\\\/fannimiko.com\\\/rolam\\\/#breadcrumb\"},\"inLanguage\":\"zh-Hans\",\"potentialAction\":[{\"@type\":\"ReadAction\",\"target\":[\"https:\\\/\\\/fannimiko.com\\\/rolam\\\/\"]}]},{\"@type\":\"ImageObject\",\"inLanguage\":\"zh-Hans\",\"@id\":\"https:\\\/\\\/fannimiko.com\\\/rolam\\\/#primaryimage\",\"url\":\"https:\\\/\\\/fannimiko.com\\\/wp-content\\\/uploads\\\/2024\\\/04\\\/Fanni-Miko-scaled-1-740x1024.jpeg\",\"contentUrl\":\"https:\\\/\\\/fannimiko.com\\\/wp-content\\\/uploads\\\/2024\\\/04\\\/Fanni-Miko-scaled-1-740x1024.jpeg\"},{\"@type\":\"BreadcrumbList\",\"@id\":\"https:\\\/\\\/fannimiko.com\\\/rolam\\\/#breadcrumb\",\"itemListElement\":[{\"@type\":\"ListItem\",\"position\":1,\"name\":\"Kezd\u0151lap\",\"item\":\"https:\\\/\\\/fannimiko.com\\\/\"},{\"@type\":\"ListItem\",\"position\":2,\"name\":\"R\u00f3lam\"}]},{\"@type\":\"WebSite\",\"@id\":\"https:\\\/\\\/fannimiko.com\\\/#website\",\"url\":\"https:\\\/\\\/fannimiko.com\\\/\",\"name\":\"Art Made By A Beauty Queen\",\"description\":\"\",\"publisher\":{\"@id\":\"https:\\\/\\\/fannimiko.com\\\/#\\\/schema\\\/person\\\/929b23b015d830e919591b7ba5eb9b43\"},\"potentialAction\":[{\"@type\":\"SearchAction\",\"target\":{\"@type\":\"EntryPoint\",\"urlTemplate\":\"https:\\\/\\\/fannimiko.com\\\/?s={search_term_string}\"},\"query-input\":{\"@type\":\"PropertyValueSpecification\",\"valueRequired\":true,\"valueName\":\"search_term_string\"}}],\"inLanguage\":\"zh-Hans\"},{\"@type\":[\"Person\",\"Organization\"],\"@id\":\"https:\\\/\\\/fannimiko.com\\\/#\\\/schema\\\/person\\\/929b23b015d830e919591b7ba5eb9b43\",\"name\":\"Fanni Miko\",\"image\":{\"@type\":\"ImageObject\",\"inLanguage\":\"zh-Hans\",\"@id\":\"https:\\\/\\\/fannimiko.com\\\/wp-content\\\/uploads\\\/2024\\\/04\\\/Logo-e1713968819451.png\",\"url\":\"https:\\\/\\\/fannimiko.com\\\/wp-content\\\/uploads\\\/2024\\\/04\\\/Logo-e1713968819451.png\",\"contentUrl\":\"https:\\\/\\\/fannimiko.com\\\/wp-content\\\/uploads\\\/2024\\\/04\\\/Logo-e1713968819451.png\",\"width\":1280,\"height\":311,\"caption\":\"Fanni Miko\"},\"logo\":{\"@id\":\"https:\\\/\\\/fannimiko.com\\\/wp-content\\\/uploads\\\/2024\\\/04\\\/Logo-e1713968819451.png\"},\"sameAs\":[\"https:\\\/\\\/fannimiko.com\",\"https:\\\/\\\/www.instagram.com\\\/fanni_miko\\\/\"]}]}<\/script>\n<!-- \/ Yoast SEO Premium plugin. -->","yoast_head_json":{"title":"Fanni Mik\u00f3 - Art Made By A Beauty Queen","description":"Nem csak sz\u00e9ps\u00e9gkir\u00e1lyn\u0151, hanem fest\u0151m\u0171v\u00e9sz is. Mik\u00f3 Fanni hivatalos m\u0171v\u00e9sz oldala. Art made by a Beauty Queen.","robots":{"index":"index","follow":"follow","max-snippet":"max-snippet:-1","max-image-preview":"max-image-preview:large","max-video-preview":"max-video-preview:-1"},"canonical":"https:\/\/fannimiko.com\/zh\/\u95dc\u65bc\u6211\/","og_locale":"zh_CN","og_type":"article","og_title":"R\u00f3lam","og_description":"Nem csak sz\u00e9ps\u00e9gkir\u00e1lyn\u0151, hanem fest\u0151m\u0171v\u00e9sz is. Mik\u00f3 Fanni hivatalos m\u0171v\u00e9sz oldala. Art made by a Beauty Queen.","og_url":"https:\/\/fannimiko.com\/zh\/\u95dc\u65bc\u6211\/","og_site_name":"Art Made By A Beauty Queen","article_modified_time":"2024-06-04T15:45:08+00:00","og_image":[{"url":"https:\/\/fannimiko.com\/wp-content\/uploads\/2024\/04\/Fanni-Miko-scaled-1-740x1024.jpeg","type":"","width":"","height":""}],"twitter_card":"summary_large_image","twitter_misc":{"\u9884\u8ba1\u9605\u8bfb\u65f6\u95f4":"3 \u5206"},"schema":{"@context":"https:\/\/schema.org","@graph":[{"@type":"WebPage","@id":"https:\/\/fannimiko.com\/rolam\/","url":"https:\/\/fannimiko.com\/rolam\/","name":"Fanni Mik\u00f3 - Art Made By A Beauty Queen","isPartOf":{"@id":"https:\/\/fannimiko.com\/#website"},"primaryImageOfPage":{"@id":"https:\/\/fannimiko.com\/rolam\/#primaryimage"},"image":{"@id":"https:\/\/fannimiko.com\/rolam\/#primaryimage"},"thumbnailUrl":"https:\/\/fannimiko.com\/wp-content\/uploads\/2024\/04\/Fanni-Miko-scaled-1-740x1024.jpeg","datePublished":"2024-04-18T16:12:29+00:00","dateModified":"2024-06-04T15:45:08+00:00","description":"Nem csak sz\u00e9ps\u00e9gkir\u00e1lyn\u0151, hanem fest\u0151m\u0171v\u00e9sz is. Mik\u00f3 Fanni hivatalos m\u0171v\u00e9sz oldala. Art made by a Beauty Queen.","breadcrumb":{"@id":"https:\/\/fannimiko.com\/rolam\/#breadcrumb"},"inLanguage":"zh-Hans","potentialAction":[{"@type":"ReadAction","target":["https:\/\/fannimiko.com\/rolam\/"]}]},{"@type":"ImageObject","inLanguage":"zh-Hans","@id":"https:\/\/fannimiko.com\/rolam\/#primaryimage","url":"https:\/\/fannimiko.com\/wp-content\/uploads\/2024\/04\/Fanni-Miko-scaled-1-740x1024.jpeg","contentUrl":"https:\/\/fannimiko.com\/wp-content\/uploads\/2024\/04\/Fanni-Miko-scaled-1-740x1024.jpeg"},{"@type":"BreadcrumbList","@id":"https:\/\/fannimiko.com\/rolam\/#breadcrumb","itemListElement":[{"@type":"ListItem","position":1,"name":"Kezd\u0151lap","item":"https:\/\/fannimiko.com\/"},{"@type":"ListItem","position":2,"name":"R\u00f3lam"}]},{"@type":"WebSite","@id":"https:\/\/fannimiko.com\/#website","url":"https:\/\/fannimiko.com\/","name":"Art Made By A Beauty Queen","description":"","publisher":{"@id":"https:\/\/fannimiko.com\/#\/schema\/person\/929b23b015d830e919591b7ba5eb9b43"},"potentialAction":[{"@type":"SearchAction","target":{"@type":"EntryPoint","urlTemplate":"https:\/\/fannimiko.com\/?s={search_term_string}"},"query-input":{"@type":"PropertyValueSpecification","valueRequired":true,"valueName":"search_term_string"}}],"inLanguage":"zh-Hans"},{"@type":["Person","Organization"],"@id":"https:\/\/fannimiko.com\/#\/schema\/person\/929b23b015d830e919591b7ba5eb9b43","name":"Fanni Miko","image":{"@type":"ImageObject","inLanguage":"zh-Hans","@id":"https:\/\/fannimiko.com\/wp-content\/uploads\/2024\/04\/Logo-e1713968819451.png","url":"https:\/\/fannimiko.com\/wp-content\/uploads\/2024\/04\/Logo-e1713968819451.png","contentUrl":"https:\/\/fannimiko.com\/wp-content\/uploads\/2024\/04\/Logo-e1713968819451.png","width":1280,"height":311,"caption":"Fanni Miko"},"logo":{"@id":"https:\/\/fannimiko.com\/wp-content\/uploads\/2024\/04\/Logo-e1713968819451.png"},"sameAs":["https:\/\/fannimiko.com","https:\/\/www.instagram.com\/fanni_miko\/"]}]}},"_links":{"self":[{"href":"https:\/\/fannimiko.com\/zh\/wp-json\/wp\/v2\/pages\/32","targetHints":{"allow":["GET"]}}],"collection":[{"href":"https:\/\/fannimiko.com\/zh\/wp-json\/wp\/v2\/pages"}],"about":[{"href":"https:\/\/fannimiko.com\/zh\/wp-json\/wp\/v2\/types\/page"}],"author":[{"embeddable":true,"href":"https:\/\/fannimiko.com\/zh\/wp-json\/wp\/v2\/users\/1"}],"replies":[{"embeddable":true,"href":"https:\/\/fannimiko.com\/zh\/wp-json\/wp\/v2\/comments?post=32"}],"version-history":[{"count":50,"href":"https:\/\/fannimiko.com\/zh\/wp-json\/wp\/v2\/pages\/32\/revisions"}],"predecessor-version":[{"id":676,"href":"https:\/\/fannimiko.com\/zh\/wp-json\/wp\/v2\/pages\/32\/revisions\/676"}],"wp:attachment":[{"href":"https:\/\/fannimiko.com\/zh\/wp-json\/wp\/v2\/media?parent=32"}],"curies":[{"name":"wp","href":"https:\/\/api.w.org\/{rel}","templated":true}]}}