{"id":32,"date":"2024-04-18T16:12:29","date_gmt":"2024-04-18T16:12:29","guid":{"rendered":"https:\/\/fannimiko.com\/?page_id=32"},"modified":"2024-06-04T15:45:08","modified_gmt":"2024-06-04T15:45:08","slug":"rolam","status":"publish","type":"page","link":"https:\/\/fannimiko.com\/en\/about-me\/","title":{"rendered":"R\u00f3lam"},"content":{"rendered":"<div data-elementor-type=\"wp-page\" data-elementor-id=\"32\" class=\"elementor elementor-32\" data-elementor-post-type=\"page\">\n\t\t\t\t<div class=\"elementor-element elementor-element-1738b38 e-flex e-con-boxed e-con e-parent\" data-id=\"1738b38\" data-element_type=\"container\" data-e-type=\"container\">\n\t\t\t\t\t<div class=\"e-con-inner\">\n\t\t<div class=\"elementor-element elementor-element-f9552ac e-con-full e-flex e-con e-child\" data-id=\"f9552ac\" data-element_type=\"container\" data-e-type=\"container\">\n\t\t\t\t<div class=\"elementor-element elementor-element-fe80162 elementor-hidden-mobile elementor-widget elementor-widget-image\" data-id=\"fe80162\" data-element_type=\"widget\" data-e-type=\"widget\" data-settings=\"{&quot;_animation&quot;:&quot;none&quot;}\" data-widget_type=\"image.default\">\n\t\t\t\t<div class=\"elementor-widget-container\">\n\t\t\t\t\t\t\t\t\t\t\t\t\t\t\t\t<a href=\"https:\/\/www.instagram.com\/fanni_miko\/\" target=\"_blank\">\n\t\t\t\t\t\t\t<img fetchpriority=\"high\" decoding=\"async\" width=\"740\" height=\"1024\" src=\"https:\/\/fannimiko.com\/wp-content\/uploads\/2024\/04\/Fanni-Miko-scaled-1-740x1024.jpeg\" class=\"attachment-large size-large wp-image-134\" alt=\"\" srcset=\"https:\/\/fannimiko.com\/wp-content\/uploads\/2024\/04\/Fanni-Miko-scaled-1-740x1024.jpeg 740w, https:\/\/fannimiko.com\/wp-content\/uploads\/2024\/04\/Fanni-Miko-scaled-1-217x300.jpeg 217w, https:\/\/fannimiko.com\/wp-content\/uploads\/2024\/04\/Fanni-Miko-scaled-1-768x1063.jpeg 768w, https:\/\/fannimiko.com\/wp-content\/uploads\/2024\/04\/Fanni-Miko-scaled-1-1109x1536.jpeg 1109w, https:\/\/fannimiko.com\/wp-content\/uploads\/2024\/04\/Fanni-Miko-scaled-1-1479x2048.jpeg 1479w, https:\/\/fannimiko.com\/wp-content\/uploads\/2024\/04\/Fanni-Miko-scaled-1-9x12.jpeg 9w, https:\/\/fannimiko.com\/wp-content\/uploads\/2024\/04\/Fanni-Miko-scaled-1.jpeg 1849w\" sizes=\"(max-width: 740px) 100vw, 740px\" \/>\t\t\t\t\t\t\t\t<\/a>\n\t\t\t\t\t\t\t\t\t\t\t\t\t\t\t<\/div>\n\t\t\t\t<\/div>\n\t\t\t\t<\/div>\n\t\t<div class=\"elementor-element elementor-element-3e0b6c7 e-con-full e-flex e-con e-child\" data-id=\"3e0b6c7\" data-element_type=\"container\" data-e-type=\"container\">\n\t\t\t\t<div class=\"elementor-element elementor-element-e0873fb elementor-widget elementor-widget-heading\" data-id=\"e0873fb\" data-element_type=\"widget\" data-e-type=\"widget\" data-widget_type=\"heading.default\">\n\t\t\t\t<div class=\"elementor-widget-container\">\n\t\t\t\t\t<h1 class=\"elementor-heading-title elementor-size-default\">Introduction<\/h1>\t\t\t\t<\/div>\n\t\t\t\t<\/div>\n\t\t\t\t<div class=\"elementor-element elementor-element-cc2e162 elementor-widget elementor-widget-text-editor\" data-id=\"cc2e162\" data-element_type=\"widget\" data-e-type=\"widget\" data-widget_type=\"text-editor.default\">\n\t\t\t\t<div class=\"elementor-widget-container\">\n\t\t\t\t\t\t\t\t\t<p class=\"translation-block\">My name is Fanni Mik\u00f3, I was born \u201din the heart of Europe\u201d, in Hungary. As a child I was interested in many things: I learnt to play the piano, played chess and I used to be a competitive handball player. In my early years I also found great joy in drawing, and winning prizes for some of my works. By my twenties, I had become the young woman with a brush in her hand and a crown on her head.<\/p>\t\t\t\t\t\t\t\t<\/div>\n\t\t\t\t<\/div>\n\t\t\t\t<div class=\"elementor-element elementor-element-08f7784 elementor-widget elementor-widget-text-editor\" data-id=\"08f7784\" data-element_type=\"widget\" data-e-type=\"widget\" data-widget_type=\"text-editor.default\">\n\t\t\t\t<div class=\"elementor-widget-container\">\n\t\t\t\t\t\t\t\t\t<p>How did this happen?<\/p>\t\t\t\t\t\t\t\t<\/div>\n\t\t\t\t<\/div>\n\t\t\t\t<div class=\"elementor-element elementor-element-3bad77f elementor-widget elementor-widget-text-editor\" data-id=\"3bad77f\" data-element_type=\"widget\" data-e-type=\"widget\" data-widget_type=\"text-editor.default\">\n\t\t\t\t<div class=\"elementor-widget-container\">\n\t\t\t\t\t\t\t\t\t<p class=\"translation-block\">For as long as I remember I longed to experience the outside world. I didn't want to settle into an ordinary life. I wanted to live, feel, see and experience. At 16, I was scouted by a modelling agency, and a few months later I found myself in China, away from everything and everyone, but life rewarded me with success for daring to leave my comfort zone. Soon after I travelled to Turkey and several major European cities, where I took part in a succession of photo shoots and fashion shows.<\/p>\t\t\t\t\t\t\t\t<\/div>\n\t\t\t\t<\/div>\n\t\t\t\t<div class=\"elementor-element elementor-element-d11541c elementor-hidden-tablet elementor-widget elementor-widget-text-editor\" data-id=\"d11541c\" data-element_type=\"widget\" data-e-type=\"widget\" data-widget_type=\"text-editor.default\">\n\t\t\t\t<div class=\"elementor-widget-container\">\n\t\t\t\t\t\t\t\t\t<p>In 2019, I was elected beauty queen in Hungary and qualified for one of the biggest international beauty pageants in the world to represent my country.<\/p><p>I won this beauty contest in December 2019.<\/p><p class=\"translation-block\">I competed against 87 countries from all over the world. It had an amazing, intense energy!<\/p><p>With this title I became the winner of Miss Intercontinental and the only Hungarian girl ever to win a world beauty contest.<\/p>\t\t\t\t\t\t\t\t<\/div>\n\t\t\t\t<\/div>\n\t\t\t\t<div class=\"elementor-element elementor-element-09c593c elementor-hidden-desktop elementor-hidden-tablet elementor-widget elementor-widget-image\" data-id=\"09c593c\" data-element_type=\"widget\" data-e-type=\"widget\" data-settings=\"{&quot;_animation&quot;:&quot;none&quot;}\" data-widget_type=\"image.default\">\n\t\t\t\t<div class=\"elementor-widget-container\">\n\t\t\t\t\t\t\t\t\t\t\t\t\t\t\t<img fetchpriority=\"high\" decoding=\"async\" width=\"740\" height=\"1024\" src=\"https:\/\/fannimiko.com\/wp-content\/uploads\/2024\/04\/Fanni-Miko-scaled-1-740x1024.jpeg\" class=\"attachment-large size-large wp-image-134\" alt=\"\" srcset=\"https:\/\/fannimiko.com\/wp-content\/uploads\/2024\/04\/Fanni-Miko-scaled-1-740x1024.jpeg 740w, https:\/\/fannimiko.com\/wp-content\/uploads\/2024\/04\/Fanni-Miko-scaled-1-217x300.jpeg 217w, https:\/\/fannimiko.com\/wp-content\/uploads\/2024\/04\/Fanni-Miko-scaled-1-768x1063.jpeg 768w, https:\/\/fannimiko.com\/wp-content\/uploads\/2024\/04\/Fanni-Miko-scaled-1-1109x1536.jpeg 1109w, https:\/\/fannimiko.com\/wp-content\/uploads\/2024\/04\/Fanni-Miko-scaled-1-1479x2048.jpeg 1479w, https:\/\/fannimiko.com\/wp-content\/uploads\/2024\/04\/Fanni-Miko-scaled-1-9x12.jpeg 9w, https:\/\/fannimiko.com\/wp-content\/uploads\/2024\/04\/Fanni-Miko-scaled-1.jpeg 1849w\" sizes=\"(max-width: 740px) 100vw, 740px\" \/>\t\t\t\t\t\t\t\t\t\t\t\t\t\t\t<\/div>\n\t\t\t\t<\/div>\n\t\t\t\t<\/div>\n\t\t<div class=\"elementor-element elementor-element-7b10914 e-con-full e-flex e-con e-child\" data-id=\"7b10914\" data-element_type=\"container\" data-e-type=\"container\">\n\t\t\t\t<div class=\"elementor-element elementor-element-e5e92b2 elementor-hidden-desktop elementor-hidden-mobile elementor-widget elementor-widget-text-editor\" data-id=\"e5e92b2\" data-element_type=\"widget\" data-e-type=\"widget\" data-widget_type=\"text-editor.default\">\n\t\t\t\t<div class=\"elementor-widget-container\">\n\t\t\t\t\t\t\t\t\t<p>In 2019, I was elected beauty queen in Hungary and qualified for one of the biggest international beauty pageants in the world to represent my country.<\/p><p>I won this beauty contest in December 2019.<\/p><p class=\"translation-block\">I competed against 87 countries from all over the world. It had an amazing, intense energy!<\/p><p>With this title I became the winner of Miss Intercontinental and the only Hungarian girl ever to win a world beauty contest.<\/p>\t\t\t\t\t\t\t\t<\/div>\n\t\t\t\t<\/div>\n\t\t\t\t<div class=\"elementor-element elementor-element-cf7ee4a elementor-widget elementor-widget-text-editor\" data-id=\"cf7ee4a\" data-element_type=\"widget\" data-e-type=\"widget\" data-widget_type=\"text-editor.default\">\n\t\t\t\t<div class=\"elementor-widget-container\">\n\t\t\t\t\t\t\t\t\t<p class=\"translation-block\">It was surreal and unimaginable. I long to share its crazy and extraordinary\nmoments. My strength, my feelings, my luck, my destiny. I'd love to take it all and throw it all to the wind like a handful of glitter dust! I would like to sprinkle it on everyone who welcomes it. Maybe I can do it through art. I've always been interested in the relationship between colours, materials and shapes and the expressions they allow.<\/p>\t\t\t\t\t\t\t\t<\/div>\n\t\t\t\t<\/div>\n\t\t\t\t<div class=\"elementor-element elementor-element-188b3a6 elementor-widget__width-inherit elementor-widget elementor-widget-text-editor\" data-id=\"188b3a6\" data-element_type=\"widget\" data-e-type=\"widget\" data-widget_type=\"text-editor.default\">\n\t\t\t\t<div class=\"elementor-widget-container\">\n\t\t\t\t\t\t\t\t\t<p>I am inspired to paint by the combination of reality and fantasy and thus to show the invisible, expressing the inexpressible.\nI believe that a painting can be of artistic value if it conveys the message of its creator, which must be created in an individual - instinctive- way. My paintings are created from my unique, spontaneous ideas and I try to incorporate the special, unusual energies that have permeated my entire life.<\/p>\t\t\t\t\t\t\t\t<\/div>\n\t\t\t\t<\/div>\n\t\t\t\t<div class=\"elementor-element elementor-element-1aa22d9 elementor-widget elementor-widget-text-editor\" data-id=\"1aa22d9\" data-element_type=\"widget\" data-e-type=\"widget\" data-widget_type=\"text-editor.default\">\n\t\t\t\t<div class=\"elementor-widget-container\">\n\t\t\t\t\t\t\t\t\t<p class=\"translation-block\">I hope that viewing my paintings will give you an experience and space to express your own feelings and thoughts.<\/p><p>Welcome!<\/p>\t\t\t\t\t\t\t\t<\/div>\n\t\t\t\t<\/div>\n\t\t\t\t<\/div>\n\t\t\t\t\t<\/div>\n\t\t\t\t<\/div>\n\t\t<div class=\"elementor-element elementor-element-2738f65 e-flex e-con-boxed e-con e-parent\" data-id=\"2738f65\" data-element_type=\"container\" data-e-type=\"container\">\n\t\t\t\t\t<div class=\"e-con-inner\">\n\t\t<div class=\"elementor-element elementor-element-2880dd3 e-con-full e-flex e-con e-child\" data-id=\"2880dd3\" data-element_type=\"container\" data-e-type=\"container\">\n\t\t\t\t<div class=\"elementor-element elementor-element-6259033 elementor-widget elementor-widget-button\" data-id=\"6259033\" data-element_type=\"widget\" data-e-type=\"widget\" data-widget_type=\"button.default\">\n\t\t\t\t<div class=\"elementor-widget-container\">\n\t\t\t\t\t\t\t\t\t<div class=\"elementor-button-wrapper\">\n\t\t\t\t\t<a class=\"elementor-button elementor-button-link elementor-size-sm elementor-animation-grow\" href=\"https:\/\/fannimiko.com\/en\/gallery\/\">\n\t\t\t\t\t\t<span class=\"elementor-button-content-wrapper\">\n\t\t\t\t\t\t\t\t\t<span class=\"elementor-button-text\">Continue to the gallery<\/span>\n\t\t\t\t\t<\/span>\n\t\t\t\t\t<\/a>\n\t\t\t\t<\/div>\n\t\t\t\t\t\t\t\t<\/div>\n\t\t\t\t<\/div>\n\t\t\t\t<div class=\"elementor-element elementor-element-a5e7483 elementor-widget elementor-widget-image\" data-id=\"a5e7483\" data-element_type=\"widget\" data-e-type=\"widget\" data-settings=\"{&quot;_animation&quot;:&quot;none&quot;}\" data-widget_type=\"image.default\">\n\t\t\t\t<div class=\"elementor-widget-container\">\n\t\t\t\t\t\t\t\t\t\t\t\t\t\t\t\t<a href=\"https:\/\/www.instagram.com\/fanni_miko\/\" target=\"_blank\">\n\t\t\t\t\t\t\t<img decoding=\"async\" width=\"1907\" height=\"2448\" src=\"https:\/\/fannimiko.com\/wp-content\/uploads\/2024\/05\/Aboutme.jpg\" class=\"attachment-full size-full wp-image-600\" alt=\"\" srcset=\"https:\/\/fannimiko.com\/wp-content\/uploads\/2024\/05\/Aboutme.jpg 1907w, https:\/\/fannimiko.com\/wp-content\/uploads\/2024\/05\/Aboutme-234x300.jpg 234w, https:\/\/fannimiko.com\/wp-content\/uploads\/2024\/05\/Aboutme-798x1024.jpg 798w, https:\/\/fannimiko.com\/wp-content\/uploads\/2024\/05\/Aboutme-768x986.jpg 768w, https:\/\/fannimiko.com\/wp-content\/uploads\/2024\/05\/Aboutme-1197x1536.jpg 1197w, https:\/\/fannimiko.com\/wp-content\/uploads\/2024\/05\/Aboutme-1595x2048.jpg 1595w, https:\/\/fannimiko.com\/wp-content\/uploads\/2024\/05\/Aboutme-9x12.jpg 9w\" sizes=\"(max-width: 1907px) 100vw, 1907px\" \/>\t\t\t\t\t\t\t\t<\/a>\n\t\t\t\t\t\t\t\t\t\t\t\t\t\t\t<\/div>\n\t\t\t\t<\/div>\n\t\t\t\t<\/div>\n\t\t\t\t\t<\/div>\n\t\t\t\t<\/div>\n\t\t\t\t<\/div>","protected":false},"excerpt":{"rendered":"<p>Bemutatkoz\u00e1s Mik\u00f3 Fanni vagyok, \u201cEur\u00f3pa sz\u00edv\u00e9ben&#8221;, Magyarorsz\u00e1gon sz\u00fclettem.Gyermekk\u00e9nt t\u00f6bb minden \u00e9rdekelt:zongor\u00e1zni tanultam, sakkoztam, versenyszer\u0171en k\u00e9zilabd\u00e1ztam. Kisgyermekk\u00e9nt nagy \u00f6r\u00f6m\u00f6metleltem a rajzol\u00e1sban is, p\u00e1r munk\u00e1mmal d\u00edjat is nyertem.A h\u00faszas \u00e9veimre \u00e9n lettem a fiatal n\u0151 ecsettel a kez\u00e9ben, \u00e9s koron\u00e1val a fej\u00e9n. Hogy hogyan? Ami\u00f3ta az eszemet tudom, v\u00e1gytam a nagyvil\u00e1gba. Nem akartam belesimulni egy \u00e1tlagos \u00e9letbe. [&hellip;]<\/p>\n","protected":false},"author":1,"featured_media":0,"parent":0,"menu_order":0,"comment_status":"closed","ping_status":"closed","template":"","meta":{"footnotes":""},"class_list":["post-32","page","type-page","status-publish","hentry"],"yoast_head":"<!-- This site is optimized with the Yoast SEO Premium plugin v24.2 (Yoast SEO v27.4) - https:\/\/yoast.com\/product\/yoast-seo-premium-wordpress\/ -->\n<title>Fanni Mik\u00f3 - Art Made By A Beauty Queen<\/title>\n<meta name=\"description\" content=\"Nem csak sz\u00e9ps\u00e9gkir\u00e1lyn\u0151, hanem fest\u0151m\u0171v\u00e9sz is. Mik\u00f3 Fanni hivatalos m\u0171v\u00e9sz oldala. Art made by a Beauty Queen.\" \/>\n<meta name=\"robots\" content=\"index, follow, max-snippet:-1, max-image-preview:large, max-video-preview:-1\" \/>\n<link rel=\"canonical\" href=\"https:\/\/fannimiko.com\/en\/about-me\/\" \/>\n<meta property=\"og:locale\" content=\"en_US\" \/>\n<meta property=\"og:type\" content=\"article\" \/>\n<meta property=\"og:title\" content=\"R\u00f3lam\" \/>\n<meta property=\"og:description\" content=\"Nem csak sz\u00e9ps\u00e9gkir\u00e1lyn\u0151, hanem fest\u0151m\u0171v\u00e9sz is. Mik\u00f3 Fanni hivatalos m\u0171v\u00e9sz oldala. Art made by a Beauty Queen.\" \/>\n<meta property=\"og:url\" content=\"https:\/\/fannimiko.com\/en\/about-me\/\" \/>\n<meta property=\"og:site_name\" content=\"Art Made By A Beauty Queen\" \/>\n<meta property=\"article:modified_time\" content=\"2024-06-04T15:45:08+00:00\" \/>\n<meta property=\"og:image\" content=\"https:\/\/fannimiko.com\/wp-content\/uploads\/2024\/04\/Fanni-Miko-scaled-1-740x1024.jpeg\" \/>\n<meta name=\"twitter:card\" content=\"summary_large_image\" \/>\n<meta name=\"twitter:label1\" content=\"Est. reading time\" \/>\n\t<meta name=\"twitter:data1\" content=\"3 minutes\" \/>\n<script type=\"application\/ld+json\" class=\"yoast-schema-graph\">{\"@context\":\"https:\\\/\\\/schema.org\",\"@graph\":[{\"@type\":\"WebPage\",\"@id\":\"https:\\\/\\\/fannimiko.com\\\/rolam\\\/\",\"url\":\"https:\\\/\\\/fannimiko.com\\\/rolam\\\/\",\"name\":\"Fanni Mik\u00f3 - Art Made By A Beauty Queen\",\"isPartOf\":{\"@id\":\"https:\\\/\\\/fannimiko.com\\\/#website\"},\"primaryImageOfPage\":{\"@id\":\"https:\\\/\\\/fannimiko.com\\\/rolam\\\/#primaryimage\"},\"image\":{\"@id\":\"https:\\\/\\\/fannimiko.com\\\/rolam\\\/#primaryimage\"},\"thumbnailUrl\":\"https:\\\/\\\/fannimiko.com\\\/wp-content\\\/uploads\\\/2024\\\/04\\\/Fanni-Miko-scaled-1-740x1024.jpeg\",\"datePublished\":\"2024-04-18T16:12:29+00:00\",\"dateModified\":\"2024-06-04T15:45:08+00:00\",\"description\":\"Nem csak sz\u00e9ps\u00e9gkir\u00e1lyn\u0151, hanem fest\u0151m\u0171v\u00e9sz is. Mik\u00f3 Fanni hivatalos m\u0171v\u00e9sz oldala. Art made by a Beauty Queen.\",\"breadcrumb\":{\"@id\":\"https:\\\/\\\/fannimiko.com\\\/rolam\\\/#breadcrumb\"},\"inLanguage\":\"en-US\",\"potentialAction\":[{\"@type\":\"ReadAction\",\"target\":[\"https:\\\/\\\/fannimiko.com\\\/rolam\\\/\"]}]},{\"@type\":\"ImageObject\",\"inLanguage\":\"en-US\",\"@id\":\"https:\\\/\\\/fannimiko.com\\\/rolam\\\/#primaryimage\",\"url\":\"https:\\\/\\\/fannimiko.com\\\/wp-content\\\/uploads\\\/2024\\\/04\\\/Fanni-Miko-scaled-1-740x1024.jpeg\",\"contentUrl\":\"https:\\\/\\\/fannimiko.com\\\/wp-content\\\/uploads\\\/2024\\\/04\\\/Fanni-Miko-scaled-1-740x1024.jpeg\"},{\"@type\":\"BreadcrumbList\",\"@id\":\"https:\\\/\\\/fannimiko.com\\\/rolam\\\/#breadcrumb\",\"itemListElement\":[{\"@type\":\"ListItem\",\"position\":1,\"name\":\"Kezd\u0151lap\",\"item\":\"https:\\\/\\\/fannimiko.com\\\/\"},{\"@type\":\"ListItem\",\"position\":2,\"name\":\"R\u00f3lam\"}]},{\"@type\":\"WebSite\",\"@id\":\"https:\\\/\\\/fannimiko.com\\\/#website\",\"url\":\"https:\\\/\\\/fannimiko.com\\\/\",\"name\":\"Art Made By A Beauty Queen\",\"description\":\"\",\"publisher\":{\"@id\":\"https:\\\/\\\/fannimiko.com\\\/#\\\/schema\\\/person\\\/929b23b015d830e919591b7ba5eb9b43\"},\"potentialAction\":[{\"@type\":\"SearchAction\",\"target\":{\"@type\":\"EntryPoint\",\"urlTemplate\":\"https:\\\/\\\/fannimiko.com\\\/?s={search_term_string}\"},\"query-input\":{\"@type\":\"PropertyValueSpecification\",\"valueRequired\":true,\"valueName\":\"search_term_string\"}}],\"inLanguage\":\"en-US\"},{\"@type\":[\"Person\",\"Organization\"],\"@id\":\"https:\\\/\\\/fannimiko.com\\\/#\\\/schema\\\/person\\\/929b23b015d830e919591b7ba5eb9b43\",\"name\":\"Fanni Miko\",\"image\":{\"@type\":\"ImageObject\",\"inLanguage\":\"en-US\",\"@id\":\"https:\\\/\\\/fannimiko.com\\\/wp-content\\\/uploads\\\/2024\\\/04\\\/Logo-e1713968819451.png\",\"url\":\"https:\\\/\\\/fannimiko.com\\\/wp-content\\\/uploads\\\/2024\\\/04\\\/Logo-e1713968819451.png\",\"contentUrl\":\"https:\\\/\\\/fannimiko.com\\\/wp-content\\\/uploads\\\/2024\\\/04\\\/Logo-e1713968819451.png\",\"width\":1280,\"height\":311,\"caption\":\"Fanni Miko\"},\"logo\":{\"@id\":\"https:\\\/\\\/fannimiko.com\\\/wp-content\\\/uploads\\\/2024\\\/04\\\/Logo-e1713968819451.png\"},\"sameAs\":[\"https:\\\/\\\/fannimiko.com\",\"https:\\\/\\\/www.instagram.com\\\/fanni_miko\\\/\"]}]}<\/script>\n<!-- \/ Yoast SEO Premium plugin. -->","yoast_head_json":{"title":"Fanni Mik\u00f3 - Art Made By A Beauty Queen","description":"Nem csak sz\u00e9ps\u00e9gkir\u00e1lyn\u0151, hanem fest\u0151m\u0171v\u00e9sz is. Mik\u00f3 Fanni hivatalos m\u0171v\u00e9sz oldala. Art made by a Beauty Queen.","robots":{"index":"index","follow":"follow","max-snippet":"max-snippet:-1","max-image-preview":"max-image-preview:large","max-video-preview":"max-video-preview:-1"},"canonical":"https:\/\/fannimiko.com\/en\/about-me\/","og_locale":"en_US","og_type":"article","og_title":"R\u00f3lam","og_description":"Nem csak sz\u00e9ps\u00e9gkir\u00e1lyn\u0151, hanem fest\u0151m\u0171v\u00e9sz is. Mik\u00f3 Fanni hivatalos m\u0171v\u00e9sz oldala. Art made by a Beauty Queen.","og_url":"https:\/\/fannimiko.com\/en\/about-me\/","og_site_name":"Art Made By A Beauty Queen","article_modified_time":"2024-06-04T15:45:08+00:00","og_image":[{"url":"https:\/\/fannimiko.com\/wp-content\/uploads\/2024\/04\/Fanni-Miko-scaled-1-740x1024.jpeg","type":"","width":"","height":""}],"twitter_card":"summary_large_image","twitter_misc":{"Est. reading time":"3 minutes"},"schema":{"@context":"https:\/\/schema.org","@graph":[{"@type":"WebPage","@id":"https:\/\/fannimiko.com\/rolam\/","url":"https:\/\/fannimiko.com\/rolam\/","name":"Fanni Mik\u00f3 - Art Made By A Beauty Queen","isPartOf":{"@id":"https:\/\/fannimiko.com\/#website"},"primaryImageOfPage":{"@id":"https:\/\/fannimiko.com\/rolam\/#primaryimage"},"image":{"@id":"https:\/\/fannimiko.com\/rolam\/#primaryimage"},"thumbnailUrl":"https:\/\/fannimiko.com\/wp-content\/uploads\/2024\/04\/Fanni-Miko-scaled-1-740x1024.jpeg","datePublished":"2024-04-18T16:12:29+00:00","dateModified":"2024-06-04T15:45:08+00:00","description":"Nem csak sz\u00e9ps\u00e9gkir\u00e1lyn\u0151, hanem fest\u0151m\u0171v\u00e9sz is. Mik\u00f3 Fanni hivatalos m\u0171v\u00e9sz oldala. Art made by a Beauty Queen.","breadcrumb":{"@id":"https:\/\/fannimiko.com\/rolam\/#breadcrumb"},"inLanguage":"en-US","potentialAction":[{"@type":"ReadAction","target":["https:\/\/fannimiko.com\/rolam\/"]}]},{"@type":"ImageObject","inLanguage":"en-US","@id":"https:\/\/fannimiko.com\/rolam\/#primaryimage","url":"https:\/\/fannimiko.com\/wp-content\/uploads\/2024\/04\/Fanni-Miko-scaled-1-740x1024.jpeg","contentUrl":"https:\/\/fannimiko.com\/wp-content\/uploads\/2024\/04\/Fanni-Miko-scaled-1-740x1024.jpeg"},{"@type":"BreadcrumbList","@id":"https:\/\/fannimiko.com\/rolam\/#breadcrumb","itemListElement":[{"@type":"ListItem","position":1,"name":"Kezd\u0151lap","item":"https:\/\/fannimiko.com\/"},{"@type":"ListItem","position":2,"name":"R\u00f3lam"}]},{"@type":"WebSite","@id":"https:\/\/fannimiko.com\/#website","url":"https:\/\/fannimiko.com\/","name":"Art Made By A Beauty Queen","description":"","publisher":{"@id":"https:\/\/fannimiko.com\/#\/schema\/person\/929b23b015d830e919591b7ba5eb9b43"},"potentialAction":[{"@type":"SearchAction","target":{"@type":"EntryPoint","urlTemplate":"https:\/\/fannimiko.com\/?s={search_term_string}"},"query-input":{"@type":"PropertyValueSpecification","valueRequired":true,"valueName":"search_term_string"}}],"inLanguage":"en-US"},{"@type":["Person","Organization"],"@id":"https:\/\/fannimiko.com\/#\/schema\/person\/929b23b015d830e919591b7ba5eb9b43","name":"Fanni Miko","image":{"@type":"ImageObject","inLanguage":"en-US","@id":"https:\/\/fannimiko.com\/wp-content\/uploads\/2024\/04\/Logo-e1713968819451.png","url":"https:\/\/fannimiko.com\/wp-content\/uploads\/2024\/04\/Logo-e1713968819451.png","contentUrl":"https:\/\/fannimiko.com\/wp-content\/uploads\/2024\/04\/Logo-e1713968819451.png","width":1280,"height":311,"caption":"Fanni Miko"},"logo":{"@id":"https:\/\/fannimiko.com\/wp-content\/uploads\/2024\/04\/Logo-e1713968819451.png"},"sameAs":["https:\/\/fannimiko.com","https:\/\/www.instagram.com\/fanni_miko\/"]}]}},"_links":{"self":[{"href":"https:\/\/fannimiko.com\/en\/wp-json\/wp\/v2\/pages\/32","targetHints":{"allow":["GET"]}}],"collection":[{"href":"https:\/\/fannimiko.com\/en\/wp-json\/wp\/v2\/pages"}],"about":[{"href":"https:\/\/fannimiko.com\/en\/wp-json\/wp\/v2\/types\/page"}],"author":[{"embeddable":true,"href":"https:\/\/fannimiko.com\/en\/wp-json\/wp\/v2\/users\/1"}],"replies":[{"embeddable":true,"href":"https:\/\/fannimiko.com\/en\/wp-json\/wp\/v2\/comments?post=32"}],"version-history":[{"count":50,"href":"https:\/\/fannimiko.com\/en\/wp-json\/wp\/v2\/pages\/32\/revisions"}],"predecessor-version":[{"id":676,"href":"https:\/\/fannimiko.com\/en\/wp-json\/wp\/v2\/pages\/32\/revisions\/676"}],"wp:attachment":[{"href":"https:\/\/fannimiko.com\/en\/wp-json\/wp\/v2\/media?parent=32"}],"curies":[{"name":"wp","href":"https:\/\/api.w.org\/{rel}","templated":true}]}}